{"id":380,"date":"2020-10-16T17:05:05","date_gmt":"2020-10-16T15:05:05","guid":{"rendered":"https:\/\/snv.hr\/?page_id=380"},"modified":"2025-06-20T14:43:43","modified_gmt":"2025-06-20T12:43:43","slug":"prijatelji","status":"publish","type":"page","link":"https:\/\/snv.hr\/en\/about-the-council\/prijatelji\/","title":{"rendered":"Friends"},"content":{"rendered":"<h3>Friendly organizations and initiatives:<\/h3>\n<p><a href=\"http:\/\/www.antifasisticki-vjesnik.org\/\">Antifa\u0161isti\u010dki <strong>VJESNIK<\/strong><\/a><br \/>\n<a href=\"https:\/\/www.autograf.hr\/\">Autograf<\/a><br \/>\n<strong><a href=\"https:\/\/balkaninsight.com\/\">BIRN<\/a><\/strong><br \/>\n<a href=\"https:\/\/www.cms.hr\/en\/\">Centre for Peace Studies<\/a><br \/>\n<a href=\"https:\/\/documenta.hr\/en\/\">Documenta \u2013 Centre for Dealing with the Past<\/a><br \/>\n<strong><a href=\"https:\/\/www.gong.hr\/hr\/\">GONG<\/a><\/strong><br \/>\n<a href=\"http:\/\/klinika.pravo.unizg.hr\/node\/7\">Civic Committee for Human Rights<\/a><br \/>\n<a href=\"https:\/\/www.hnd.hr\/eng\/\">Croatian Journalists\u2019 Association<\/a><br \/>\n<a href=\"https:\/\/www.kucaljudskihprava.hr\/en\/\">Human Rights House<\/a><br \/>\n<a href=\"https:\/\/www.kulturpunkt.hr\/\">Kulturpunkt<\/a><br \/>\n<a href=\"https:\/\/lupiga.com\/\">Lupiga<\/a><br \/>\n<strong><a href=\"http:\/\/www.maz.hr\/\">MAZ<\/a><\/strong><br \/>\n<a href=\"https:\/\/www.noviplamen.net\/\">Novi plamen<\/a><br \/>\n<a href=\"https:\/\/p-portal.net\/\">P-portal<\/a><br \/>\n<a href=\"http:\/\/casopis.skd-prosvjeta.hr\/\">Prosvjeta<\/a><br \/>\n<a href=\"https:\/\/srbi.hr\/\">Srbi.hr<\/a><br \/>\n<a href=\"https:\/\/www.tacno.net\/\">Ta\u010dno.net<\/a><br \/>\n<a href=\"https:\/\/www.krokodil.rs\/eng\/\">Krokodil Association<\/a><br \/>\n<a href=\"http:\/\/radnickaprava.org\/\">Radni\u010dka prava<\/a><br \/>\n<a href=\"https:\/\/www.facebook.com\/profile.php?id=100064454121232\">Family association \u201cProtiv zaborava\u201d<\/a><br \/>\n<a href=\"https:\/\/vizuraaperta.wixsite.com\/vizuraaperta?fbclid=IwAR2jL8kuKiNH6KFzgI0M6EJnidvO8VWTvZj9b9GYadwx4VtqkdNZ9Alkcyw\">Vizura aperta<\/a><br \/>\n<a href=\"https:\/\/www.solidarna.hr\/site\/index\">Solidarna Foundation<\/a><\/p>\n<p>&nbsp;<\/p>\n","protected":false},"excerpt":{"rendered":"<p>Friendly organizations and initiatives: Antifa\u0161isti\u010dki VJESNIK Autograf BIRN Centre for Peace Studies Documenta \u2013 Centre for Dealing with the Past GONG Civic Committee for Human Rights Croatian Journalists\u2019 Association Human &#8230;<\/p>\n","protected":false},"author":1,"featured_media":0,"parent":373,"menu_order":3,"comment_status":"closed","ping_status":"closed","template":"template-vijece.php","meta":{"_acf_changed":false,"inline_featured_image":false,"footnotes":""},"class_list":["post-380","page","type-page","status-publish","hentry"],"acf":[],"yoast_head":"<!-- This site is optimized with the Yoast SEO plugin v27.4 - https:\/\/yoast.com\/product\/yoast-seo-wordpress\/ -->\n<title>Friends - Srpsko Narodno Vije\u0107e - SNV<\/title>\n<meta name=\"robots\" content=\"index, follow, max-snippet:-1, max-image-preview:large, max-video-preview:-1\" \/>\n<link rel=\"canonical\" href=\"https:\/\/snv.hr\/en\/about-the-council\/prijatelji\/\" \/>\n<meta property=\"og:locale\" content=\"en_US\" \/>\n<meta property=\"og:type\" content=\"article\" \/>\n<meta property=\"og:title\" content=\"Friends - Srpsko Narodno Vije\u0107e - SNV\" \/>\n<meta property=\"og:description\" content=\"Friendly organizations and initiatives: Antifa\u0161isti\u010dki VJESNIK Autograf BIRN Centre for Peace Studies Documenta \u2013 Centre for Dealing with the Past GONG Civic Committee for Human Rights Croatian Journalists\u2019 Association Human ...\" \/>\n<meta property=\"og:url\" content=\"https:\/\/snv.hr\/en\/about-the-council\/prijatelji\/\" \/>\n<meta property=\"og:site_name\" content=\"Srpsko Narodno Vije\u0107e - SNV\" \/>\n<meta property=\"article:modified_time\" content=\"2025-06-20T12:43:43+00:00\" \/>\n<meta name=\"twitter:card\" content=\"summary_large_image\" \/>\n<meta name=\"twitter:label1\" content=\"Est. reading time\" \/>\n\t<meta name=\"twitter:data1\" content=\"1 minute\" \/>\n<script type=\"application\/ld+json\" class=\"yoast-schema-graph\">{\"@context\":\"https:\\\/\\\/schema.org\",\"@graph\":[{\"@type\":\"WebPage\",\"@id\":\"https:\\\/\\\/snv.hr\\\/en\\\/about-the-council\\\/prijatelji\\\/\",\"url\":\"https:\\\/\\\/snv.hr\\\/en\\\/about-the-council\\\/prijatelji\\\/\",\"name\":\"Friends - Srpsko Narodno Vije\u0107e - SNV\",\"isPartOf\":{\"@id\":\"https:\\\/\\\/snv.hr\\\/#website\"},\"datePublished\":\"2020-10-16T15:05:05+00:00\",\"dateModified\":\"2025-06-20T12:43:43+00:00\",\"breadcrumb\":{\"@id\":\"https:\\\/\\\/snv.hr\\\/en\\\/about-the-council\\\/prijatelji\\\/#breadcrumb\"},\"inLanguage\":\"en-US\",\"potentialAction\":[{\"@type\":\"ReadAction\",\"target\":[\"https:\\\/\\\/snv.hr\\\/en\\\/about-the-council\\\/prijatelji\\\/\"]}]},{\"@type\":\"BreadcrumbList\",\"@id\":\"https:\\\/\\\/snv.hr\\\/en\\\/about-the-council\\\/prijatelji\\\/#breadcrumb\",\"itemListElement\":[{\"@type\":\"ListItem\",\"position\":1,\"name\":\"Po\u010detna stranica\",\"item\":\"https:\\\/\\\/snv.hr\\\/en\\\/\"},{\"@type\":\"ListItem\",\"position\":2,\"name\":\"About the Council\",\"item\":\"https:\\\/\\\/snv.hr\\\/en\\\/about-the-council\\\/\"},{\"@type\":\"ListItem\",\"position\":3,\"name\":\"Friends\"}]},{\"@type\":\"WebSite\",\"@id\":\"https:\\\/\\\/snv.hr\\\/#website\",\"url\":\"https:\\\/\\\/snv.hr\\\/\",\"name\":\"Srpsko Narodno Vije\u0107e - SNV\",\"description\":\"Just another WordPress site\",\"publisher\":{\"@id\":\"https:\\\/\\\/snv.hr\\\/#organization\"},\"potentialAction\":[{\"@type\":\"SearchAction\",\"target\":{\"@type\":\"EntryPoint\",\"urlTemplate\":\"https:\\\/\\\/snv.hr\\\/?s={search_term_string}\"},\"query-input\":{\"@type\":\"PropertyValueSpecification\",\"valueRequired\":true,\"valueName\":\"search_term_string\"}}],\"inLanguage\":\"en-US\"},{\"@type\":\"Organization\",\"@id\":\"https:\\\/\\\/snv.hr\\\/#organization\",\"name\":\"Srpsko Narodno Vije\u0107e - SNV\",\"url\":\"https:\\\/\\\/snv.hr\\\/\",\"logo\":{\"@type\":\"ImageObject\",\"inLanguage\":\"en-US\",\"@id\":\"https:\\\/\\\/snv.hr\\\/#\\\/schema\\\/logo\\\/image\\\/\",\"url\":\"https:\\\/\\\/snv.hr\\\/wp-content\\\/uploads\\\/2022\\\/06\\\/SNV_logo_RGB-01.svg\",\"contentUrl\":\"https:\\\/\\\/snv.hr\\\/wp-content\\\/uploads\\\/2022\\\/06\\\/SNV_logo_RGB-01.svg\",\"width\":1417,\"height\":259,\"caption\":\"Srpsko Narodno Vije\u0107e - SNV\"},\"image\":{\"@id\":\"https:\\\/\\\/snv.hr\\\/#\\\/schema\\\/logo\\\/image\\\/\"}}]}<\/script>\n<!-- \/ Yoast SEO plugin. -->","yoast_head_json":{"title":"Friends - Srpsko Narodno Vije\u0107e - SNV","robots":{"index":"index","follow":"follow","max-snippet":"max-snippet:-1","max-image-preview":"max-image-preview:large","max-video-preview":"max-video-preview:-1"},"canonical":"https:\/\/snv.hr\/en\/about-the-council\/prijatelji\/","og_locale":"en_US","og_type":"article","og_title":"Friends - Srpsko Narodno Vije\u0107e - SNV","og_description":"Friendly organizations and initiatives: Antifa\u0161isti\u010dki VJESNIK Autograf BIRN Centre for Peace Studies Documenta \u2013 Centre for Dealing with the Past GONG Civic Committee for Human Rights Croatian Journalists\u2019 Association Human ...","og_url":"https:\/\/snv.hr\/en\/about-the-council\/prijatelji\/","og_site_name":"Srpsko Narodno Vije\u0107e - SNV","article_modified_time":"2025-06-20T12:43:43+00:00","twitter_card":"summary_large_image","twitter_misc":{"Est. reading time":"1 minute"},"schema":{"@context":"https:\/\/schema.org","@graph":[{"@type":"WebPage","@id":"https:\/\/snv.hr\/en\/about-the-council\/prijatelji\/","url":"https:\/\/snv.hr\/en\/about-the-council\/prijatelji\/","name":"Friends - Srpsko Narodno Vije\u0107e - SNV","isPartOf":{"@id":"https:\/\/snv.hr\/#website"},"datePublished":"2020-10-16T15:05:05+00:00","dateModified":"2025-06-20T12:43:43+00:00","breadcrumb":{"@id":"https:\/\/snv.hr\/en\/about-the-council\/prijatelji\/#breadcrumb"},"inLanguage":"en-US","potentialAction":[{"@type":"ReadAction","target":["https:\/\/snv.hr\/en\/about-the-council\/prijatelji\/"]}]},{"@type":"BreadcrumbList","@id":"https:\/\/snv.hr\/en\/about-the-council\/prijatelji\/#breadcrumb","itemListElement":[{"@type":"ListItem","position":1,"name":"Po\u010detna stranica","item":"https:\/\/snv.hr\/en\/"},{"@type":"ListItem","position":2,"name":"About the Council","item":"https:\/\/snv.hr\/en\/about-the-council\/"},{"@type":"ListItem","position":3,"name":"Friends"}]},{"@type":"WebSite","@id":"https:\/\/snv.hr\/#website","url":"https:\/\/snv.hr\/","name":"Srpsko Narodno Vije\u0107e - SNV","description":"Just another WordPress site","publisher":{"@id":"https:\/\/snv.hr\/#organization"},"potentialAction":[{"@type":"SearchAction","target":{"@type":"EntryPoint","urlTemplate":"https:\/\/snv.hr\/?s={search_term_string}"},"query-input":{"@type":"PropertyValueSpecification","valueRequired":true,"valueName":"search_term_string"}}],"inLanguage":"en-US"},{"@type":"Organization","@id":"https:\/\/snv.hr\/#organization","name":"Srpsko Narodno Vije\u0107e - SNV","url":"https:\/\/snv.hr\/","logo":{"@type":"ImageObject","inLanguage":"en-US","@id":"https:\/\/snv.hr\/#\/schema\/logo\/image\/","url":"https:\/\/snv.hr\/wp-content\/uploads\/2022\/06\/SNV_logo_RGB-01.svg","contentUrl":"https:\/\/snv.hr\/wp-content\/uploads\/2022\/06\/SNV_logo_RGB-01.svg","width":1417,"height":259,"caption":"Srpsko Narodno Vije\u0107e - SNV"},"image":{"@id":"https:\/\/snv.hr\/#\/schema\/logo\/image\/"}}]}},"_links":{"self":[{"href":"https:\/\/snv.hr\/en\/wp-json\/wp\/v2\/pages\/380","targetHints":{"allow":["GET"]}}],"collection":[{"href":"https:\/\/snv.hr\/en\/wp-json\/wp\/v2\/pages"}],"about":[{"href":"https:\/\/snv.hr\/en\/wp-json\/wp\/v2\/types\/page"}],"author":[{"embeddable":true,"href":"https:\/\/snv.hr\/en\/wp-json\/wp\/v2\/users\/1"}],"replies":[{"embeddable":true,"href":"https:\/\/snv.hr\/en\/wp-json\/wp\/v2\/comments?post=380"}],"version-history":[{"count":12,"href":"https:\/\/snv.hr\/en\/wp-json\/wp\/v2\/pages\/380\/revisions"}],"predecessor-version":[{"id":14437,"href":"https:\/\/snv.hr\/en\/wp-json\/wp\/v2\/pages\/380\/revisions\/14437"}],"up":[{"embeddable":true,"href":"https:\/\/snv.hr\/en\/wp-json\/wp\/v2\/pages\/373"}],"wp:attachment":[{"href":"https:\/\/snv.hr\/en\/wp-json\/wp\/v2\/media?parent=380"}],"curies":[{"name":"wp","href":"https:\/\/api.w.org\/{rel}","templated":true}]}}