{"id":375,"date":"2020-10-15T19:47:03","date_gmt":"2020-10-15T17:47:03","guid":{"rendered":"https:\/\/snv.hr\/?page_id=375"},"modified":"2025-06-20T14:27:00","modified_gmt":"2025-06-20T12:27:00","slug":"councils-structure","status":"publish","type":"page","link":"https:\/\/snv.hr\/en\/about-the-council\/councils-structure\/","title":{"rendered":"Council&#8217;s Structure"},"content":{"rendered":"<h2 class=\"pageLead\">The Serb National Council, the national coordination of Councils of the Serb national minority, has an Assembly, Presidency, Supervisory Board, President, Deputy President, Secretary General, five Vice Presidents and the Council.<\/h2>\n<div class=\"articleBody\">\n<h3>The Council&#8217;s Assembly<\/h3>\n<p>The Council\u2019s Assembly consists of delegates of <strong>SNC<\/strong> members and of representatives of the Serb national minority in the counties where we do not meet conditions for the election of a council. The Assembly adopts the Statute, the Rules of Procedure, and the Work Program, adopts the Financial Plan and Final Budget and decides on the election and dismissal of the<strong> SNC<\/strong>\u2019s president and deputy president. This body also makes decisions on cooperation with coordinations, organisations and institutions from the country and abroad and decides on<strong> SNC<\/strong>\u2019s new goals and activities.<\/p>\n<h3>Presidency<\/h3>\n<p>The Presidency is <strong>SNC<\/strong>\u2019s executive and coordination body which consists of the President, Deputy President, Vice Presidents and presidents of all county Councils and elected representatives at the county level. This body\u2019s task is to coordinate the implementation of <strong>SNC<\/strong>\u2019s decisions, to consider all decisions within the Council\u2019s competence, and to prepare and propose acts and decisions from its jurisdiction to the Assembly. Among other things, this body monitors and directs the work of <strong>SNC<\/strong>\u2019s permanent and temporary working bodies, puts forward proposals for the improvement of their work and coordinates activities.<\/p>\n<h3>Supervisory Board<\/h3>\n<p>The <strong>SNC<\/strong>\u2019s Supervisory Board consists of the president and four members, and their task is to ensure that the work of all <strong>SNC<\/strong> bodies is lawful and in accordance with the statute. The Board\u2019s other tasks include material and financial affairs and the use of assets; It also proposes measures in the event of irregularities in the work of <strong>SNC<\/strong> bodies and proposes acts and takes decisions within its jurisdiction.<\/p>\n<p>The Serb National Council, Zagreb, represented by the President Milorad Pupovac<br \/>\nThe Serbian Orthodox Church \u2013 Metropolitanate of Zagreb and Ljubljana, its seat located in Zagreb, represented by the Metropolitan Bishop Porfirije<br \/>\nThe Serbian Business Association Privrednik, Zagreb, represented by its President Nikola Luni\u0107<br \/>\nThe Serbian Cultural Association Prosvjeta, represented by its President Mile Radovi\u0107<br \/>\nThe Serbian Democratic Forum, Zagreb, represented by its President Jelena Nestorovi\u0107<br \/>\nThe Joint Council of Municipalities, Vukovar, represented by its President Dejan Drakuli\u0107<br \/>\nThe Sports and Recreation Society of Serbs in Croatia, Zagreb, represented by its President Milan Martinovi\u0107<br \/>\nThe Deputy Club of the Serbian national minority in the Croatian Parliament (Sabor), represented by Dragana Jeckov, MP<\/p>\n<h3>Presidency<\/h3>\n<p>Darko Karanovi\u0107 (Bjelovar-Bilogora County), Zoran Ratkovi\u0107(Brod-Posavina County), Jovo Manojlovi\u0107 (Koprivnica-Kri\u017eevci County), Zoran Milo\u0161evi\u0107 (Osijek-Baranja County), Nikola Arbutina (Sisak-Moslavina County), Borislav \u0160ari\u0107 (\u0160ibenik-Knin County), Milan Mir\u010deti\u0107 (Vara\u017edin County), Milena Lazi\u0107 (Virovitica-Podravina County), Svetislav Mikerevi\u0107 (Vukovar-Srijem County), Veselko \u0106aki\u0107 (Zadar County), Dragi\u0161a Pilipovi\u0107 (Zagreb County), Mirjana Midi\u0107 (Me\u0111imurje County), Zoran Stankovi\u0107 (Primorje-Gorski Kotar County), Milo\u0161 Bojani\u0107 (Istria County), Boris Milo\u0161evi\u0107 (City of Zagreb), Neven Ivo\u0161evi\u0107 (Karlovac County), Milan Kozlovi\u0107 (Po\u017eega-Slavonija County), Milorad Vukanovi\u0107 (Dubrovnik-Neretva County), Stanko Mom\u010dilovi\u0107 (Lika-Senj County), Bo\u017eidar Simi\u0107 (Split-Dalmatia County, Aleksandar Milo\u0161evi\u0107 (<strong>SNC<\/strong> Secretary General), Dejan Jovi\u0107 (president of the <strong>SNC<\/strong> Council), Dragana Jeckov (<strong>SNC<\/strong> Vice President), Milorad Pupovac (<strong>SNC<\/strong> President)<\/p>\n<h3>Members of the Council who are prominent individuals in the Serbian community in the Republic of Croatia<\/h3>\n<p>Vojislav Stanimirovi\u0107, <strong>MD<\/strong>, Vukovar<br \/>\nStanko Jani\u0107, electrical engineer, Buje<br \/>\nDejan Jovi\u0107, PhD in political science, Zagreb (President of the Council)<\/p>\n<\/div>\n","protected":false},"excerpt":{"rendered":"<p>The Serb National Council, the national coordination of Councils of the Serb national minority, has an Assembly, Presidency, Supervisory Board, President, Deputy President, Secretary General, five Vice Presidents and the &#8230;<\/p>\n","protected":false},"author":1,"featured_media":0,"parent":373,"menu_order":1,"comment_status":"closed","ping_status":"closed","template":"template-vijece.php","meta":{"_acf_changed":false,"inline_featured_image":false,"footnotes":""},"class_list":["post-375","page","type-page","status-publish","hentry"],"acf":[],"yoast_head":"<!-- This site is optimized with the Yoast SEO plugin v27.4 - https:\/\/yoast.com\/product\/yoast-seo-wordpress\/ -->\n<title>Council&#039;s Structure - Srpsko Narodno Vije\u0107e - SNV<\/title>\n<meta name=\"robots\" content=\"index, follow, max-snippet:-1, max-image-preview:large, max-video-preview:-1\" \/>\n<link rel=\"canonical\" href=\"https:\/\/snv.hr\/en\/about-the-council\/councils-structure\/\" \/>\n<meta property=\"og:locale\" content=\"en_US\" \/>\n<meta property=\"og:type\" content=\"article\" \/>\n<meta property=\"og:title\" content=\"Council&#039;s Structure - Srpsko Narodno Vije\u0107e - SNV\" \/>\n<meta property=\"og:description\" content=\"The Serb National Council, the national coordination of Councils of the Serb national minority, has an Assembly, Presidency, Supervisory Board, President, Deputy President, Secretary General, five Vice Presidents and the ...\" \/>\n<meta property=\"og:url\" content=\"https:\/\/snv.hr\/en\/about-the-council\/councils-structure\/\" \/>\n<meta property=\"og:site_name\" content=\"Srpsko Narodno Vije\u0107e - SNV\" \/>\n<meta property=\"article:modified_time\" content=\"2025-06-20T12:27:00+00:00\" \/>\n<meta name=\"twitter:card\" content=\"summary_large_image\" \/>\n<meta name=\"twitter:label1\" content=\"Est. reading time\" \/>\n\t<meta name=\"twitter:data1\" content=\"3 minutes\" \/>\n<script type=\"application\/ld+json\" class=\"yoast-schema-graph\">{\"@context\":\"https:\\\/\\\/schema.org\",\"@graph\":[{\"@type\":\"WebPage\",\"@id\":\"https:\\\/\\\/snv.hr\\\/en\\\/about-the-council\\\/councils-structure\\\/\",\"url\":\"https:\\\/\\\/snv.hr\\\/en\\\/about-the-council\\\/councils-structure\\\/\",\"name\":\"Council's Structure - Srpsko Narodno Vije\u0107e - SNV\",\"isPartOf\":{\"@id\":\"https:\\\/\\\/snv.hr\\\/#website\"},\"datePublished\":\"2020-10-15T17:47:03+00:00\",\"dateModified\":\"2025-06-20T12:27:00+00:00\",\"breadcrumb\":{\"@id\":\"https:\\\/\\\/snv.hr\\\/en\\\/about-the-council\\\/councils-structure\\\/#breadcrumb\"},\"inLanguage\":\"en-US\",\"potentialAction\":[{\"@type\":\"ReadAction\",\"target\":[\"https:\\\/\\\/snv.hr\\\/en\\\/about-the-council\\\/councils-structure\\\/\"]}]},{\"@type\":\"BreadcrumbList\",\"@id\":\"https:\\\/\\\/snv.hr\\\/en\\\/about-the-council\\\/councils-structure\\\/#breadcrumb\",\"itemListElement\":[{\"@type\":\"ListItem\",\"position\":1,\"name\":\"Po\u010detna stranica\",\"item\":\"https:\\\/\\\/snv.hr\\\/en\\\/\"},{\"@type\":\"ListItem\",\"position\":2,\"name\":\"About the Council\",\"item\":\"https:\\\/\\\/snv.hr\\\/en\\\/about-the-council\\\/\"},{\"@type\":\"ListItem\",\"position\":3,\"name\":\"Council&#8217;s Structure\"}]},{\"@type\":\"WebSite\",\"@id\":\"https:\\\/\\\/snv.hr\\\/#website\",\"url\":\"https:\\\/\\\/snv.hr\\\/\",\"name\":\"Srpsko Narodno Vije\u0107e - SNV\",\"description\":\"Just another WordPress site\",\"publisher\":{\"@id\":\"https:\\\/\\\/snv.hr\\\/#organization\"},\"potentialAction\":[{\"@type\":\"SearchAction\",\"target\":{\"@type\":\"EntryPoint\",\"urlTemplate\":\"https:\\\/\\\/snv.hr\\\/?s={search_term_string}\"},\"query-input\":{\"@type\":\"PropertyValueSpecification\",\"valueRequired\":true,\"valueName\":\"search_term_string\"}}],\"inLanguage\":\"en-US\"},{\"@type\":\"Organization\",\"@id\":\"https:\\\/\\\/snv.hr\\\/#organization\",\"name\":\"Srpsko Narodno Vije\u0107e - SNV\",\"url\":\"https:\\\/\\\/snv.hr\\\/\",\"logo\":{\"@type\":\"ImageObject\",\"inLanguage\":\"en-US\",\"@id\":\"https:\\\/\\\/snv.hr\\\/#\\\/schema\\\/logo\\\/image\\\/\",\"url\":\"https:\\\/\\\/snv.hr\\\/wp-content\\\/uploads\\\/2022\\\/06\\\/SNV_logo_RGB-01.svg\",\"contentUrl\":\"https:\\\/\\\/snv.hr\\\/wp-content\\\/uploads\\\/2022\\\/06\\\/SNV_logo_RGB-01.svg\",\"width\":1417,\"height\":259,\"caption\":\"Srpsko Narodno Vije\u0107e - SNV\"},\"image\":{\"@id\":\"https:\\\/\\\/snv.hr\\\/#\\\/schema\\\/logo\\\/image\\\/\"}}]}<\/script>\n<!-- \/ Yoast SEO plugin. -->","yoast_head_json":{"title":"Council's Structure - Srpsko Narodno Vije\u0107e - SNV","robots":{"index":"index","follow":"follow","max-snippet":"max-snippet:-1","max-image-preview":"max-image-preview:large","max-video-preview":"max-video-preview:-1"},"canonical":"https:\/\/snv.hr\/en\/about-the-council\/councils-structure\/","og_locale":"en_US","og_type":"article","og_title":"Council's Structure - Srpsko Narodno Vije\u0107e - SNV","og_description":"The Serb National Council, the national coordination of Councils of the Serb national minority, has an Assembly, Presidency, Supervisory Board, President, Deputy President, Secretary General, five Vice Presidents and the ...","og_url":"https:\/\/snv.hr\/en\/about-the-council\/councils-structure\/","og_site_name":"Srpsko Narodno Vije\u0107e - SNV","article_modified_time":"2025-06-20T12:27:00+00:00","twitter_card":"summary_large_image","twitter_misc":{"Est. reading time":"3 minutes"},"schema":{"@context":"https:\/\/schema.org","@graph":[{"@type":"WebPage","@id":"https:\/\/snv.hr\/en\/about-the-council\/councils-structure\/","url":"https:\/\/snv.hr\/en\/about-the-council\/councils-structure\/","name":"Council's Structure - Srpsko Narodno Vije\u0107e - SNV","isPartOf":{"@id":"https:\/\/snv.hr\/#website"},"datePublished":"2020-10-15T17:47:03+00:00","dateModified":"2025-06-20T12:27:00+00:00","breadcrumb":{"@id":"https:\/\/snv.hr\/en\/about-the-council\/councils-structure\/#breadcrumb"},"inLanguage":"en-US","potentialAction":[{"@type":"ReadAction","target":["https:\/\/snv.hr\/en\/about-the-council\/councils-structure\/"]}]},{"@type":"BreadcrumbList","@id":"https:\/\/snv.hr\/en\/about-the-council\/councils-structure\/#breadcrumb","itemListElement":[{"@type":"ListItem","position":1,"name":"Po\u010detna stranica","item":"https:\/\/snv.hr\/en\/"},{"@type":"ListItem","position":2,"name":"About the Council","item":"https:\/\/snv.hr\/en\/about-the-council\/"},{"@type":"ListItem","position":3,"name":"Council&#8217;s Structure"}]},{"@type":"WebSite","@id":"https:\/\/snv.hr\/#website","url":"https:\/\/snv.hr\/","name":"Srpsko Narodno Vije\u0107e - SNV","description":"Just another WordPress site","publisher":{"@id":"https:\/\/snv.hr\/#organization"},"potentialAction":[{"@type":"SearchAction","target":{"@type":"EntryPoint","urlTemplate":"https:\/\/snv.hr\/?s={search_term_string}"},"query-input":{"@type":"PropertyValueSpecification","valueRequired":true,"valueName":"search_term_string"}}],"inLanguage":"en-US"},{"@type":"Organization","@id":"https:\/\/snv.hr\/#organization","name":"Srpsko Narodno Vije\u0107e - SNV","url":"https:\/\/snv.hr\/","logo":{"@type":"ImageObject","inLanguage":"en-US","@id":"https:\/\/snv.hr\/#\/schema\/logo\/image\/","url":"https:\/\/snv.hr\/wp-content\/uploads\/2022\/06\/SNV_logo_RGB-01.svg","contentUrl":"https:\/\/snv.hr\/wp-content\/uploads\/2022\/06\/SNV_logo_RGB-01.svg","width":1417,"height":259,"caption":"Srpsko Narodno Vije\u0107e - SNV"},"image":{"@id":"https:\/\/snv.hr\/#\/schema\/logo\/image\/"}}]}},"_links":{"self":[{"href":"https:\/\/snv.hr\/en\/wp-json\/wp\/v2\/pages\/375","targetHints":{"allow":["GET"]}}],"collection":[{"href":"https:\/\/snv.hr\/en\/wp-json\/wp\/v2\/pages"}],"about":[{"href":"https:\/\/snv.hr\/en\/wp-json\/wp\/v2\/types\/page"}],"author":[{"embeddable":true,"href":"https:\/\/snv.hr\/en\/wp-json\/wp\/v2\/users\/1"}],"replies":[{"embeddable":true,"href":"https:\/\/snv.hr\/en\/wp-json\/wp\/v2\/comments?post=375"}],"version-history":[{"count":13,"href":"https:\/\/snv.hr\/en\/wp-json\/wp\/v2\/pages\/375\/revisions"}],"predecessor-version":[{"id":14434,"href":"https:\/\/snv.hr\/en\/wp-json\/wp\/v2\/pages\/375\/revisions\/14434"}],"up":[{"embeddable":true,"href":"https:\/\/snv.hr\/en\/wp-json\/wp\/v2\/pages\/373"}],"wp:attachment":[{"href":"https:\/\/snv.hr\/en\/wp-json\/wp\/v2\/media?parent=375"}],"curies":[{"name":"wp","href":"https:\/\/api.w.org\/{rel}","templated":true}]}}